{"id":104,"date":"2017-11-23T09:53:36","date_gmt":"2017-11-23T09:53:36","guid":{"rendered":"http:\/\/pizzasalat.de\/?page_id=104"},"modified":"2017-11-23T09:58:56","modified_gmt":"2017-11-23T09:58:56","slug":"facaccia-die-pizza-alternative","status":"publish","type":"page","link":"https:\/\/pizzasalat.de\/en\/facaccia-die-pizza-alternative\/","title":{"rendered":"Facaccia &#8211; another kind of pizza"},"content":{"rendered":"<div>\n<p class=\"align-center\">Pizzabrotfladen, luftig gebacken, mild bis wild belegt!<\/p>\n<h2 class=\"align-center\">Griechenland<\/h2>\n<\/div>\n<div>\n<p class=\"align-center\">mit Oliven, Schafsk\u00e4se und Thymian<\/p>\n<h2 class=\"align-center\">Italien<\/h2>\n<p class=\"align-center\">getrocknete Tomaten, Mozzarella und Baslilikum<\/p>\n<h2 class=\"align-center\">T\u00fcrkei<\/h2>\n<p class=\"align-center\">T\u00fcrkische Knoblauchwurst, Ziegenk\u00e4se und Honig<\/p>\n<h2 class=\"align-center\">Frankreich<\/h2>\n<p class=\"align-center\">Gorgonzola, Knoblauch und Sardellen<\/p>\n<h2 class=\"align-center\">Deutschland<\/h2>\n<p class=\"align-center\">Salami, Schinken und Champignions<\/p>\n<\/div>\n","protected":false},"excerpt":{"rendered":"<p>Pizzabrotfladen, luftig gebacken, mild bis wild belegt! Griechenland mit Oliven, Schafsk\u00e4se und Thymian Italien getrocknete Tomaten, Mozzarella und Baslilikum T\u00fcrkei T\u00fcrkische Knoblauchwurst, Ziegenk\u00e4se und Honig Frankreich Gorgonzola, Knoblauch und Sardellen Deutschland Salami, Schinken und Champignions<\/p>\n","protected":false},"author":1,"featured_media":0,"parent":0,"menu_order":0,"comment_status":"closed","ping_status":"closed","template":"","meta":{"footnotes":""},"class_list":["post-104","page","type-page","status-publish","hentry"],"_links":{"self":[{"href":"https:\/\/pizzasalat.de\/en\/wp-json\/wp\/v2\/pages\/104","targetHints":{"allow":["GET"]}}],"collection":[{"href":"https:\/\/pizzasalat.de\/en\/wp-json\/wp\/v2\/pages"}],"about":[{"href":"https:\/\/pizzasalat.de\/en\/wp-json\/wp\/v2\/types\/page"}],"author":[{"embeddable":true,"href":"https:\/\/pizzasalat.de\/en\/wp-json\/wp\/v2\/users\/1"}],"replies":[{"embeddable":true,"href":"https:\/\/pizzasalat.de\/en\/wp-json\/wp\/v2\/comments?post=104"}],"version-history":[{"count":2,"href":"https:\/\/pizzasalat.de\/en\/wp-json\/wp\/v2\/pages\/104\/revisions"}],"predecessor-version":[{"id":114,"href":"https:\/\/pizzasalat.de\/en\/wp-json\/wp\/v2\/pages\/104\/revisions\/114"}],"wp:attachment":[{"href":"https:\/\/pizzasalat.de\/en\/wp-json\/wp\/v2\/media?parent=104"}],"curies":[{"name":"wp","href":"https:\/\/api.w.org\/{rel}","templated":true}]}}